{"id":3535,"date":"2024-02-17T10:45:28","date_gmt":"2024-02-17T10:45:28","guid":{"rendered":"https:\/\/borgomiglierina.com\/?page_id=3535"},"modified":"2024-02-17T10:47:04","modified_gmt":"2024-02-17T10:47:04","slug":"investi-nel-borgo","status":"publish","type":"page","link":"https:\/\/borgomiglierina.com\/fr\/investi-nel-borgo\/","title":{"rendered":"Investir dans le Village"},"content":{"rendered":"<div data-elementor-type=\"wp-page\" data-elementor-id=\"3535\" class=\"elementor elementor-3535\">\n\t\t\t\t\t\t<section class=\"elementor-section elementor-top-section elementor-element elementor-element-896e9a7 elementor-section-full_width elementor-section-height-default elementor-section-height-default\" data-id=\"896e9a7\" data-element_type=\"section\">\n\t\t\t\t\t\t<div class=\"elementor-container elementor-column-gap-no\">\n\t\t\t\t\t<div class=\"elementor-column elementor-col-100 elementor-top-column elementor-element elementor-element-afdfd61\" data-id=\"afdfd61\" data-element_type=\"column\">\n\t\t\t<div class=\"elementor-widget-wrap elementor-element-populated\">\n\t\t\t\t\t\t<section class=\"elementor-section elementor-inner-section elementor-element elementor-element-52bd16e elementor-section-full_width elementor-section-height-default elementor-section-height-default\" data-id=\"52bd16e\" data-element_type=\"section\">\n\t\t\t\t\t\t<div class=\"elementor-container elementor-column-gap-no\">\n\t\t\t\t\t<div class=\"elementor-column elementor-col-50 elementor-inner-column elementor-element elementor-element-0dba8be\" data-id=\"0dba8be\" data-element_type=\"column\">\n\t\t\t<div class=\"elementor-widget-wrap elementor-element-populated\">\n\t\t\t\t\t\t<div class=\"elementor-element elementor-element-a22ffdf elementor-widget elementor-widget-image-box\" data-id=\"a22ffdf\" data-element_type=\"widget\" data-widget_type=\"image-box.default\">\n\t\t\t\t<div class=\"elementor-widget-container\">\n\t\t\t\t\t<div class=\"elementor-image-box-wrapper\"><div class=\"elementor-image-box-content\"><h6 class=\"elementor-image-box-title\"><a href=\"#\">Merci pour votre int\u00e9r\u00eat pour Borgo Miglierina.<\/a><\/h6><p class=\"elementor-image-box-description\">Si vous avez des questions ou des demandes, nous sommes l\u00e0 pour vous aider. Pour nous contacter, vous pouvez remplir le formulaire de contact. Alternativement, vous pouvez \u00e9galement nous envoyer un email. Il sera pour nous une priorit\u00e9 de r\u00e9pondre \u00e0 votre message dans les plus brefs d\u00e9lais.<\/p><\/div><\/div>\t\t\t\t<\/div>\n\t\t\t\t<\/div>\n\t\t\t\t<div class=\"elementor-element elementor-element-b8d0184 elementor-mobile-align-left elementor-icon-list--layout-traditional elementor-list-item-link-full_width elementor-widget elementor-widget-icon-list\" data-id=\"b8d0184\" data-element_type=\"widget\" data-widget_type=\"icon-list.default\">\n\t\t\t\t<div class=\"elementor-widget-container\">\n\t\t\t\t\t\t\t<ul class=\"elementor-icon-list-items\">\n\t\t\t\t\t\t\t<li class=\"elementor-icon-list-item\">\n\t\t\t\t\t\t\t\t\t\t\t<a href=\"mailto:hello@borgomiglierina.com\" target=\"_blank\">\n\n\t\t\t\t\t\t\t\t\t\t\t\t<span class=\"elementor-icon-list-icon\">\n\t\t\t\t\t\t\t<i aria-hidden=\"true\" class=\"fas fa-envelope\"><\/i>\t\t\t\t\t\t<\/span>\n\t\t\t\t\t\t\t\t\t\t<span class=\"elementor-icon-list-text\">hello@borgomiglierina.com<\/span>\n\t\t\t\t\t\t\t\t\t\t\t<\/a>\n\t\t\t\t\t\t\t\t\t<\/li>\n\t\t\t\t\t\t\t\t<li class=\"elementor-icon-list-item\">\n\t\t\t\t\t\t\t\t\t\t\t<a href=\"mailto:hospitality@borgomiglierina.com\" target=\"_blank\">\n\n\t\t\t\t\t\t\t\t\t\t\t\t<span class=\"elementor-icon-list-icon\">\n\t\t\t\t\t\t\t<i aria-hidden=\"true\" class=\"fas fa-envelope\"><\/i>\t\t\t\t\t\t<\/span>\n\t\t\t\t\t\t\t\t\t\t<span class=\"elementor-icon-list-text\">hospitality@borgomiglierina.com<\/span>\n\t\t\t\t\t\t\t\t\t\t\t<\/a>\n\t\t\t\t\t\t\t\t\t<\/li>\n\t\t\t\t\t\t\t\t<li class=\"elementor-icon-list-item\">\n\t\t\t\t\t\t\t\t\t\t\t<a href=\"https:\/\/maps.app.goo.gl\/eKEJHQneP3RdsRZm9\" target=\"_blank\">\n\n\t\t\t\t\t\t\t\t\t\t\t\t<span class=\"elementor-icon-list-icon\">\n\t\t\t\t\t\t\t<i aria-hidden=\"true\" class=\"fas fa-map-marker-alt\"><\/i>\t\t\t\t\t\t<\/span>\n\t\t\t\t\t\t\t\t\t\t<span class=\"elementor-icon-list-text\">38\u00b0 56' 59'' N \/ 16\u00b0 28' 22''E<\/span>\n\t\t\t\t\t\t\t\t\t\t\t<\/a>\n\t\t\t\t\t\t\t\t\t<\/li>\n\t\t\t\t\t\t<\/ul>\n\t\t\t\t\t\t<\/div>\n\t\t\t\t<\/div>\n\t\t\t\t\t<\/div>\n\t\t<\/div>\n\t\t\t\t<div class=\"elementor-column elementor-col-50 elementor-inner-column elementor-element elementor-element-83b6813\" data-id=\"83b6813\" data-element_type=\"column\">\n\t\t\t<div class=\"elementor-widget-wrap elementor-element-populated\">\n\t\t\t\t\t\t<div class=\"elementor-element elementor-element-6a108ca elementor-widget elementor-widget-wpforms\" data-id=\"6a108ca\" data-element_type=\"widget\" data-widget_type=\"wpforms.default\">\n\t\t\t\t<div class=\"elementor-widget-container\">\n\t\t\t\t\t<div class=\"wpforms-container\" id=\"wpforms-3531\"><form id=\"wpforms-form-3531\" class=\"wpforms-validate wpforms-form wpforms-ajax-form\" data-formid=\"3531\" method=\"post\" enctype=\"multipart\/form-data\" action=\"\/fr\/wp-json\/wp\/v2\/pages\/3535\" data-token=\"0683f2950cd56d00c16d643567db3432\" data-token-time=\"1777690227\" data-trp-original-action=\"\/fr\/wp-json\/wp\/v2\/pages\/3535\"><noscript class=\"wpforms-error-noscript\">Veuillez activer JavaScript dans votre navigateur pour remplir ce formulaire.<\/noscript><div class=\"wpforms-field-container\"><div id=\"wpforms-3531-field_7-container\" class=\"wpforms-field wpforms-field-text\" data-field-id=\"7\"><label class=\"wpforms-field-label\" for=\"wpforms-3531-field_7\">Nom <span class=\"wpforms-required-label\">*<\/span><\/label><input type=\"text\" id=\"wpforms-3531-field_7\" class=\"wpforms-field-large wpforms-field-required\" name=\"wpforms[fields][7]\" required><\/div><div id=\"wpforms-3531-field_8-container\" class=\"wpforms-field wpforms-field-text\" data-field-id=\"8\"><label class=\"wpforms-field-label\" for=\"wpforms-3531-field_8\">Pr\u00e9nom <span class=\"wpforms-required-label\">*<\/span><\/label><input type=\"text\" id=\"wpforms-3531-field_8\" class=\"wpforms-field-large wpforms-field-required\" name=\"wpforms[fields][8]\" required><\/div><div id=\"wpforms-3531-field_5-container\" class=\"wpforms-field wpforms-field-text\" data-field-id=\"5\"><label class=\"wpforms-field-label\" for=\"wpforms-3531-field_5\">T\u00e9l\u00e9phone <span class=\"wpforms-required-label\">*<\/span><\/label><input type=\"text\" id=\"wpforms-3531-field_5\" class=\"wpforms-field-large wpforms-field-required\" name=\"wpforms[fields][5]\" required><\/div><div id=\"wpforms-3531-field_1-container\" class=\"wpforms-field wpforms-field-email\" data-field-id=\"1\"><label class=\"wpforms-field-label\" for=\"wpforms-3531-field_1\">Email <span class=\"wpforms-required-label\">*<\/span><\/label><input type=\"email\" id=\"wpforms-3531-field_1\" class=\"wpforms-field-large wpforms-field-required\" name=\"wpforms[fields][1]\" spellcheck=\"false\" required><\/div><div id=\"wpforms-3531-field_4-container\" class=\"wpforms-field wpforms-field-select wpforms-field-select-style-classic\" data-field-id=\"4\"><label class=\"wpforms-field-label\" for=\"wpforms-3531-field_4\">Demande<\/label><select id=\"wpforms-3531-field_4\" class=\"wpforms-field-large\" name=\"wpforms[fields][4]\"><option value=\"Scegli un&#039;opzione\" >Choisissez une option<\/option><option value=\"Possiedi una casa\" >Poss\u00e9der une Maison<\/option><option value=\"Investi nel Borgo\" >Investir dans le Village<\/option><\/select><\/div><div id=\"wpforms-3531-field_2-container\" class=\"wpforms-field wpforms-field-textarea\" data-field-id=\"2\"><label class=\"wpforms-field-label\" for=\"wpforms-3531-field_2\">Message<\/label><textarea id=\"wpforms-3531-field_2\" class=\"wpforms-field-medium\" name=\"wpforms[fields][2]\" ><\/textarea><\/div><div id=\"wpforms-3531-field_6-container\" class=\"wpforms-field wpforms-field-checkbox\" data-field-id=\"6\"><label class=\"wpforms-field-label wpforms-label-hide\">Caselle di Spunta <span class=\"wpforms-required-label\">*<\/span><\/label><ul id=\"wpforms-3531-field_6\" class=\"wpforms-field-required\"><li class=\"choice-3 depth-1\"><input type=\"checkbox\" id=\"wpforms-3531-field_6_3\" name=\"wpforms[fields][6][]\" value=\"Ho letto e acconsento al trattamento dei dati inseriti nel form secondo i termini della privacy policy\" required><label class=\"wpforms-field-label-inline\" for=\"wpforms-3531-field_6_3\">J'ai lu et j'accepte le traitement des donn\u00e9es saisies dans le formulaire conform\u00e9ment aux termes de la politique de confidentialit\u00e9.<\/label><\/li><\/ul><\/div><\/div><!-- .wpforms-field-container --><div class=\"wpforms-submit-container\" ><input type=\"hidden\" name=\"wpforms[id]\" value=\"3531\"><input type=\"hidden\" name=\"page_title\" value=\"\"><input type=\"hidden\" name=\"page_url\" value=\"https:\/\/borgomiglierina.com\/fr\/wp-json\/wp\/v2\/pages\/3535\"><input type=\"hidden\" name=\"url_referer\" value=\"\"><button type=\"submit\" name=\"wpforms[submit]\" id=\"wpforms-submit-3531\" class=\"wpforms-submit\" data-alt-text=\"Invio in corso...\" data-submit-text=\"Invia\" aria-live=\"assertive\" value=\"wpforms-submit\">Envoyer<\/button><img decoding=\"async\" src=\"data:image\/gif;base64,R0lGODlhAQABAIAAAAAAAP\/\/\/yH5BAEAAAAALAAAAAABAAEAAAIBRAA7\" data-src=\"https:\/\/borgomiglierina.com\/wp-content\/plugins\/wpforms-lite\/assets\/images\/submit-spin.svg\" class=\"wpforms-submit-spinner lazyload\" style=\"display: none;\" width=\"26\" height=\"26\" alt=\"Chargement en cours\"><noscript><img decoding=\"async\" src=\"https:\/\/borgomiglierina.com\/wp-content\/plugins\/wpforms-lite\/assets\/images\/submit-spin.svg\" class=\"wpforms-submit-spinner lazyload\" style=\"display: none;\" width=\"26\" height=\"26\" alt=\"Chargement en cours\"><\/noscript><\/div><input type=\"hidden\" name=\"trp-form-language\" value=\"fr\"\/><\/form><\/div>  <!-- .wpforms-container -->\t\t\t\t<\/div>\n\t\t\t\t<\/div>\n\t\t\t\t\t<\/div>\n\t\t<\/div>\n\t\t\t\t\t<\/div>\n\t\t<\/section>\n\t\t\t\t\t<\/div>\n\t\t<\/div>\n\t\t\t\t\t<\/div>\n\t\t<\/section>\n\t\t\t\t<\/div>","protected":false},"excerpt":{"rendered":"<p>Grazie per il tuo interesse in Borgo Miglierina Se hai domande o richieste, siamo qui per aiutarti. Per contattarci, puoi compilare il modulo di contatto. In alternativa, puoi anche inviarci una email. Sar\u00e0 una priorit\u00e0 per noi rispondere al tuo messaggio nel minor tempo possibile. hello@borgomiglierina.com hospitality@borgomiglierina.com 38\u00b0 56&#8242; 59&#8221; N \/ 16\u00b0 28&#8242; 22&#8221;E [&hellip;]<\/p>","protected":false},"author":1,"featured_media":0,"parent":0,"menu_order":0,"comment_status":"closed","ping_status":"closed","template":"","meta":{"_uag_custom_page_level_css":"","site-sidebar-layout":"no-sidebar","site-content-layout":"page-builder","ast-site-content-layout":"full-width-container","site-content-style":"default","site-sidebar-style":"default","ast-global-header-display":"","ast-banner-title-visibility":"","ast-main-header-display":"","ast-hfb-above-header-display":"","ast-hfb-below-header-display":"","ast-hfb-mobile-header-display":"","site-post-title":"disabled","ast-breadcrumbs-content":"","ast-featured-img":"disabled","footer-sml-layout":"","theme-transparent-header-meta":"","adv-header-id-meta":"","stick-header-meta":"","header-above-stick-meta":"","header-main-stick-meta":"","header-below-stick-meta":"","astra-migrate-meta-layouts":"set","ast-page-background-enabled":"default","ast-page-background-meta":{"desktop":{"background-color":"var(--ast-global-color-4)","background-image":"","background-repeat":"repeat","background-position":"center center","background-size":"auto","background-attachment":"scroll","background-type":"","background-media":"","overlay-type":"","overlay-color":"","overlay-opacity":"","overlay-gradient":""},"tablet":{"background-color":"","background-image":"","background-repeat":"repeat","background-position":"center center","background-size":"auto","background-attachment":"scroll","background-type":"","background-media":"","overlay-type":"","overlay-color":"","overlay-opacity":"","overlay-gradient":""},"mobile":{"background-color":"","background-image":"","background-repeat":"repeat","background-position":"center center","background-size":"auto","background-attachment":"scroll","background-type":"","background-media":"","overlay-type":"","overlay-color":"","overlay-opacity":"","overlay-gradient":""}},"ast-content-background-meta":{"desktop":{"background-color":"var(--ast-global-color-5)","background-image":"","background-repeat":"repeat","background-position":"center center","background-size":"auto","background-attachment":"scroll","background-type":"","background-media":"","overlay-type":"","overlay-color":"","overlay-opacity":"","overlay-gradient":""},"tablet":{"background-color":"var(--ast-global-color-5)","background-image":"","background-repeat":"repeat","background-position":"center center","background-size":"auto","background-attachment":"scroll","background-type":"","background-media":"","overlay-type":"","overlay-color":"","overlay-opacity":"","overlay-gradient":""},"mobile":{"background-color":"var(--ast-global-color-5)","background-image":"","background-repeat":"repeat","background-position":"center center","background-size":"auto","background-attachment":"scroll","background-type":"","background-media":"","overlay-type":"","overlay-color":"","overlay-opacity":"","overlay-gradient":""}},"footnotes":""},"class_list":["post-3535","page","type-page","status-publish","hentry"],"yoast_head":"<!-- This site is optimized with the Yoast SEO plugin v25.0 - https:\/\/yoast.com\/wordpress\/plugins\/seo\/ -->\n<title>Investi nel Borgo - Borgo Miglierina<\/title>\n<meta name=\"robots\" content=\"index, follow, max-snippet:-1, max-image-preview:large, max-video-preview:-1\" \/>\n<link rel=\"canonical\" href=\"https:\/\/borgomiglierina.com\/fr\/investi-nel-borgo\/\" \/>\n<meta property=\"og:locale\" content=\"fr_FR\" \/>\n<meta property=\"og:type\" content=\"article\" \/>\n<meta property=\"og:title\" content=\"Investi nel Borgo - Borgo Miglierina\" \/>\n<meta property=\"og:description\" content=\"Grazie per il tuo interesse in Borgo Miglierina Se hai domande o richieste, siamo qui per aiutarti. Per contattarci, puoi compilare il modulo di contatto. In alternativa, puoi anche inviarci una email. Sar\u00e0 una priorit\u00e0 per noi rispondere al tuo messaggio nel minor tempo possibile. hello@borgomiglierina.com hospitality@borgomiglierina.com 38\u00b0 56&#8242; 59&#8221; N \/ 16\u00b0 28&#8242; 22&#8221;E [&hellip;]\" \/>\n<meta property=\"og:url\" content=\"https:\/\/borgomiglierina.com\/fr\/investi-nel-borgo\/\" \/>\n<meta property=\"og:site_name\" content=\"Borgo Miglierina\" \/>\n<meta property=\"article:modified_time\" content=\"2024-02-17T10:47:04+00:00\" \/>\n<meta property=\"og:image\" content=\"https:\/\/borgomiglierina.com\/wp-content\/plugins\/wpforms-lite\/assets\/images\/submit-spin.svg\" \/>\n<meta name=\"twitter:card\" content=\"summary_large_image\" \/>\n<meta name=\"twitter:label1\" content=\"Dur\u00e9e de lecture estim\u00e9e\" \/>\n\t<meta name=\"twitter:data1\" content=\"1 minute\" \/>\n<script type=\"application\/ld+json\" class=\"yoast-schema-graph\">{\"@context\":\"https:\/\/schema.org\",\"@graph\":[{\"@type\":\"WebPage\",\"@id\":\"https:\/\/borgomiglierina.com\/investi-nel-borgo\/\",\"url\":\"https:\/\/borgomiglierina.com\/investi-nel-borgo\/\",\"name\":\"Investi nel Borgo - Borgo Miglierina\",\"isPartOf\":{\"@id\":\"https:\/\/borgomiglierina.com\/#website\"},\"primaryImageOfPage\":{\"@id\":\"https:\/\/borgomiglierina.com\/investi-nel-borgo\/#primaryimage\"},\"image\":{\"@id\":\"https:\/\/borgomiglierina.com\/investi-nel-borgo\/#primaryimage\"},\"thumbnailUrl\":\"https:\/\/borgomiglierina.com\/wp-content\/plugins\/wpforms-lite\/assets\/images\/submit-spin.svg\",\"datePublished\":\"2024-02-17T10:45:28+00:00\",\"dateModified\":\"2024-02-17T10:47:04+00:00\",\"breadcrumb\":{\"@id\":\"https:\/\/borgomiglierina.com\/investi-nel-borgo\/#breadcrumb\"},\"inLanguage\":\"fr-FR\",\"potentialAction\":[{\"@type\":\"ReadAction\",\"target\":[\"https:\/\/borgomiglierina.com\/investi-nel-borgo\/\"]}]},{\"@type\":\"ImageObject\",\"inLanguage\":\"fr-FR\",\"@id\":\"https:\/\/borgomiglierina.com\/investi-nel-borgo\/#primaryimage\",\"url\":\"https:\/\/borgomiglierina.com\/wp-content\/plugins\/wpforms-lite\/assets\/images\/submit-spin.svg\",\"contentUrl\":\"https:\/\/borgomiglierina.com\/wp-content\/plugins\/wpforms-lite\/assets\/images\/submit-spin.svg\"},{\"@type\":\"BreadcrumbList\",\"@id\":\"https:\/\/borgomiglierina.com\/investi-nel-borgo\/#breadcrumb\",\"itemListElement\":[{\"@type\":\"ListItem\",\"position\":1,\"name\":\"Home\",\"item\":\"https:\/\/borgomiglierina.com\/\"},{\"@type\":\"ListItem\",\"position\":2,\"name\":\"Investi nel Borgo\"}]},{\"@type\":\"WebSite\",\"@id\":\"https:\/\/borgomiglierina.com\/#website\",\"url\":\"https:\/\/borgomiglierina.com\/\",\"name\":\"Borgo Miglierina\",\"description\":\"\",\"publisher\":{\"@id\":\"https:\/\/borgomiglierina.com\/#organization\"},\"potentialAction\":[{\"@type\":\"SearchAction\",\"target\":{\"@type\":\"EntryPoint\",\"urlTemplate\":\"https:\/\/borgomiglierina.com\/?s={search_term_string}\"},\"query-input\":{\"@type\":\"PropertyValueSpecification\",\"valueRequired\":true,\"valueName\":\"search_term_string\"}}],\"inLanguage\":\"fr-FR\"},{\"@type\":\"Organization\",\"@id\":\"https:\/\/borgomiglierina.com\/#organization\",\"name\":\"Borgo Miglierina\",\"url\":\"https:\/\/borgomiglierina.com\/\",\"logo\":{\"@type\":\"ImageObject\",\"inLanguage\":\"fr-FR\",\"@id\":\"https:\/\/borgomiglierina.com\/#\/schema\/logo\/image\/\",\"url\":\"https:\/\/borgomiglierina.com\/wp-content\/uploads\/2023\/10\/Logo-desktop.png\",\"contentUrl\":\"https:\/\/borgomiglierina.com\/wp-content\/uploads\/2023\/10\/Logo-desktop.png\",\"width\":1448,\"height\":293,\"caption\":\"Borgo Miglierina\"},\"image\":{\"@id\":\"https:\/\/borgomiglierina.com\/#\/schema\/logo\/image\/\"}}]}<\/script>\n<!-- \/ Yoast SEO plugin. -->","yoast_head_json":{"title":"Investi nel Borgo - Borgo Miglierina","robots":{"index":"index","follow":"follow","max-snippet":"max-snippet:-1","max-image-preview":"max-image-preview:large","max-video-preview":"max-video-preview:-1"},"canonical":"https:\/\/borgomiglierina.com\/fr\/investi-nel-borgo\/","og_locale":"fr_FR","og_type":"article","og_title":"Investi nel Borgo - Borgo Miglierina","og_description":"Grazie per il tuo interesse in Borgo Miglierina Se hai domande o richieste, siamo qui per aiutarti. Per contattarci, puoi compilare il modulo di contatto. In alternativa, puoi anche inviarci una email. Sar\u00e0 una priorit\u00e0 per noi rispondere al tuo messaggio nel minor tempo possibile. hello@borgomiglierina.com hospitality@borgomiglierina.com 38\u00b0 56&#8242; 59&#8221; N \/ 16\u00b0 28&#8242; 22&#8221;E [&hellip;]","og_url":"https:\/\/borgomiglierina.com\/fr\/investi-nel-borgo\/","og_site_name":"Borgo Miglierina","article_modified_time":"2024-02-17T10:47:04+00:00","og_image":[{"url":"https:\/\/borgomiglierina.com\/wp-content\/plugins\/wpforms-lite\/assets\/images\/submit-spin.svg","type":"","width":"","height":""}],"twitter_card":"summary_large_image","twitter_misc":{"Dur\u00e9e de lecture estim\u00e9e":"1 minute"},"schema":{"@context":"https:\/\/schema.org","@graph":[{"@type":"WebPage","@id":"https:\/\/borgomiglierina.com\/investi-nel-borgo\/","url":"https:\/\/borgomiglierina.com\/investi-nel-borgo\/","name":"Investi nel Borgo - Borgo Miglierina","isPartOf":{"@id":"https:\/\/borgomiglierina.com\/#website"},"primaryImageOfPage":{"@id":"https:\/\/borgomiglierina.com\/investi-nel-borgo\/#primaryimage"},"image":{"@id":"https:\/\/borgomiglierina.com\/investi-nel-borgo\/#primaryimage"},"thumbnailUrl":"https:\/\/borgomiglierina.com\/wp-content\/plugins\/wpforms-lite\/assets\/images\/submit-spin.svg","datePublished":"2024-02-17T10:45:28+00:00","dateModified":"2024-02-17T10:47:04+00:00","breadcrumb":{"@id":"https:\/\/borgomiglierina.com\/investi-nel-borgo\/#breadcrumb"},"inLanguage":"fr-FR","potentialAction":[{"@type":"ReadAction","target":["https:\/\/borgomiglierina.com\/investi-nel-borgo\/"]}]},{"@type":"ImageObject","inLanguage":"fr-FR","@id":"https:\/\/borgomiglierina.com\/investi-nel-borgo\/#primaryimage","url":"https:\/\/borgomiglierina.com\/wp-content\/plugins\/wpforms-lite\/assets\/images\/submit-spin.svg","contentUrl":"https:\/\/borgomiglierina.com\/wp-content\/plugins\/wpforms-lite\/assets\/images\/submit-spin.svg"},{"@type":"BreadcrumbList","@id":"https:\/\/borgomiglierina.com\/investi-nel-borgo\/#breadcrumb","itemListElement":[{"@type":"ListItem","position":1,"name":"Home","item":"https:\/\/borgomiglierina.com\/"},{"@type":"ListItem","position":2,"name":"Investi nel Borgo"}]},{"@type":"WebSite","@id":"https:\/\/borgomiglierina.com\/#website","url":"https:\/\/borgomiglierina.com\/","name":"Borgo Miglierina","description":"","publisher":{"@id":"https:\/\/borgomiglierina.com\/#organization"},"potentialAction":[{"@type":"SearchAction","target":{"@type":"EntryPoint","urlTemplate":"https:\/\/borgomiglierina.com\/?s={search_term_string}"},"query-input":{"@type":"PropertyValueSpecification","valueRequired":true,"valueName":"search_term_string"}}],"inLanguage":"fr-FR"},{"@type":"Organization","@id":"https:\/\/borgomiglierina.com\/#organization","name":"Borgo Miglierina","url":"https:\/\/borgomiglierina.com\/","logo":{"@type":"ImageObject","inLanguage":"fr-FR","@id":"https:\/\/borgomiglierina.com\/#\/schema\/logo\/image\/","url":"https:\/\/borgomiglierina.com\/wp-content\/uploads\/2023\/10\/Logo-desktop.png","contentUrl":"https:\/\/borgomiglierina.com\/wp-content\/uploads\/2023\/10\/Logo-desktop.png","width":1448,"height":293,"caption":"Borgo Miglierina"},"image":{"@id":"https:\/\/borgomiglierina.com\/#\/schema\/logo\/image\/"}}]}},"uagb_featured_image_src":{"full":false,"thumbnail":false,"medium":false,"medium_large":false,"large":false,"1536x1536":false,"2048x2048":false,"trp-custom-language-flag":false},"uagb_author_info":{"display_name":"rogerrosi98@gmail.com","author_link":"https:\/\/borgomiglierina.com\/fr\/author\/rogerrosi98gmail-com\/"},"uagb_comment_info":0,"uagb_excerpt":"Grazie per il tuo interesse in Borgo Miglierina Se hai domande o richieste, siamo qui per aiutarti. Per contattarci, puoi compilare il modulo di contatto. In alternativa, puoi anche inviarci una email. Sar\u00e0 una priorit\u00e0 per noi rispondere al tuo messaggio nel minor tempo possibile. hello@borgomiglierina.com hospitality@borgomiglierina.com 38\u00b0 56&#8242; 59&#8221; N \/ 16\u00b0 28&#8242; 22&#8221;E\u2026","_links":{"self":[{"href":"https:\/\/borgomiglierina.com\/fr\/wp-json\/wp\/v2\/pages\/3535","targetHints":{"allow":["GET"]}}],"collection":[{"href":"https:\/\/borgomiglierina.com\/fr\/wp-json\/wp\/v2\/pages"}],"about":[{"href":"https:\/\/borgomiglierina.com\/fr\/wp-json\/wp\/v2\/types\/page"}],"author":[{"embeddable":true,"href":"https:\/\/borgomiglierina.com\/fr\/wp-json\/wp\/v2\/users\/1"}],"replies":[{"embeddable":true,"href":"https:\/\/borgomiglierina.com\/fr\/wp-json\/wp\/v2\/comments?post=3535"}],"version-history":[{"count":4,"href":"https:\/\/borgomiglierina.com\/fr\/wp-json\/wp\/v2\/pages\/3535\/revisions"}],"predecessor-version":[{"id":3539,"href":"https:\/\/borgomiglierina.com\/fr\/wp-json\/wp\/v2\/pages\/3535\/revisions\/3539"}],"wp:attachment":[{"href":"https:\/\/borgomiglierina.com\/fr\/wp-json\/wp\/v2\/media?parent=3535"}],"curies":[{"name":"wp","href":"https:\/\/api.w.org\/{rel}","templated":true}]}}