{"id":1479,"date":"2023-12-05T15:03:15","date_gmt":"2023-12-05T15:03:15","guid":{"rendered":"https:\/\/borgomiglierina.com\/?page_id=1479"},"modified":"2024-02-05T12:23:33","modified_gmt":"2024-02-05T12:23:33","slug":"i-sapori-del-borgo","status":"publish","type":"page","link":"https:\/\/borgomiglierina.com\/fr\/i-sapori-del-borgo\/","title":{"rendered":"Les Saveurs du Village"},"content":{"rendered":"<div data-elementor-type=\"wp-page\" data-elementor-id=\"1479\" class=\"elementor elementor-1479\">\n\t\t\t\t<div class=\"elementor-element elementor-element-dfdd841 e-con-full e-flex e-con e-parent\" data-id=\"dfdd841\" data-element_type=\"container\">\n\t\t\t\t<div class=\"elementor-element elementor-element-2079e59 elementor-widget__width-inherit elementor-widget elementor-widget-video\" data-id=\"2079e59\" data-element_type=\"widget\" data-settings=\"{&quot;video_type&quot;:&quot;hosted&quot;,&quot;autoplay&quot;:&quot;yes&quot;,&quot;play_on_mobile&quot;:&quot;yes&quot;,&quot;mute&quot;:&quot;yes&quot;,&quot;loop&quot;:&quot;yes&quot;}\" data-widget_type=\"video.default\">\n\t\t\t\t<div class=\"elementor-widget-container\">\n\t\t\t\t\t\t\t<div class=\"e-hosted-video elementor-wrapper elementor-open-inline\">\n\t\t\t\t\t<video class=\"elementor-video lazyload\" data-src=\"https:\/\/borgomiglierina.com\/wp-content\/uploads\/2024\/01\/video-miglierina-ristorante.webm\" autoplay=\"\" loop=\"\" muted=\"muted\" playsinline=\"\" controlslist=\"nodownload\"><\/video>\n\t\t\t\t<\/div>\n\t\t\t\t\t\t<\/div>\n\t\t\t\t<\/div>\n\t\t\t\t<\/div>\n\t\t\t\t<section class=\"elementor-section elementor-top-section elementor-element elementor-element-f4a4892 elementor-section-boxed elementor-section-height-default elementor-section-height-default\" data-id=\"f4a4892\" data-element_type=\"section\">\n\t\t\t\t\t\t<div class=\"elementor-container elementor-column-gap-no\">\n\t\t\t\t\t<div class=\"elementor-column elementor-col-100 elementor-top-column elementor-element elementor-element-cae3f6d\" data-id=\"cae3f6d\" data-element_type=\"column\">\n\t\t\t<div class=\"elementor-widget-wrap elementor-element-populated\">\n\t\t\t\t\t\t<section class=\"elementor-section elementor-inner-section elementor-element elementor-element-a9a33f5 elementor-section-full_width elementor-section-height-default elementor-section-height-default\" data-id=\"a9a33f5\" data-element_type=\"section\">\n\t\t\t\t\t\t<div class=\"elementor-container elementor-column-gap-no\">\n\t\t\t\t\t<div class=\"elementor-column elementor-col-100 elementor-inner-column elementor-element elementor-element-c33a099\" data-id=\"c33a099\" data-element_type=\"column\">\n\t\t\t<div class=\"elementor-widget-wrap elementor-element-populated\">\n\t\t\t\t\t\t<div class=\"elementor-element elementor-element-d9af4f6 elementor-widget elementor-widget-heading\" data-id=\"d9af4f6\" data-element_type=\"widget\" data-widget_type=\"heading.default\">\n\t\t\t\t<div class=\"elementor-widget-container\">\n\t\t\t\t\t<h2 class=\"elementor-heading-title elementor-size-default\">Un coin de paradis culinaire qui vous transportera directement au c\u0153ur de la tradition gastronomique calabraise.<\/h2>\t\t\t\t<\/div>\n\t\t\t\t<\/div>\n\t\t\t\t<div class=\"elementor-element elementor-element-d389879 elementor-widget elementor-widget-heading\" data-id=\"d389879\" data-element_type=\"widget\" data-widget_type=\"heading.default\">\n\t\t\t\t<div class=\"elementor-widget-container\">\n\t\t\t\t\t<p class=\"elementor-heading-title elementor-size-default\">D\u00e8s le moment o\u00f9 vous franchirez la porte de cet \u00e9tablissement accueillant, vous serez envelopp\u00e9 d'une atmosph\u00e8re chaleureuse et famili\u00e8re, gr\u00e2ce \u00e0 l'accueil amical du personnel et \u00e0 la d\u00e9coration minimaliste mais raffin\u00e9e.<\/p>\t\t\t\t<\/div>\n\t\t\t\t<\/div>\n\t\t\t\t<div class=\"elementor-element elementor-element-83f7891 elementor-widget elementor-widget-heading\" data-id=\"83f7891\" data-element_type=\"widget\" data-widget_type=\"heading.default\">\n\t\t\t\t<div class=\"elementor-widget-container\">\n\t\t\t\t\t<p class=\"elementor-heading-title elementor-size-default\">Les sp\u00e9cialit\u00e9s calabraises pr\u00e9par\u00e9es ici sont tout simplement divines. Vous ne pouvez absolument pas manquer les hors-d'\u0153uvre traditionnels, tels que les charcuteries et fromages locaux, accompagn\u00e9s de pain maison et d'huile piquante au piment, qui lancent imm\u00e9diatement une exp\u00e9rience culinaire inoubliable.<\/p>\t\t\t\t<\/div>\n\t\t\t\t<\/div>\n\t\t\t\t\t<\/div>\n\t\t<\/div>\n\t\t\t\t\t<\/div>\n\t\t<\/section>\n\t\t\t\t\t<\/div>\n\t\t<\/div>\n\t\t\t\t\t<\/div>\n\t\t<\/section>\n\t\t<div class=\"elementor-element elementor-element-0f6bff5 e-flex e-con-boxed e-con e-parent\" data-id=\"0f6bff5\" data-element_type=\"container\">\n\t\t\t\t\t<div class=\"e-con-inner\">\n\t\t<div class=\"elementor-element elementor-element-c7fd7aa e-con-full e-flex elementor-invisible e-con e-child\" data-id=\"c7fd7aa\" data-element_type=\"container\" data-settings=\"{&quot;animation&quot;:&quot;slideInLeft&quot;,&quot;animation_delay&quot;:500}\">\n\t\t<div class=\"elementor-element elementor-element-41c24f1 e-con-full e-flex e-con e-child\" data-id=\"41c24f1\" data-element_type=\"container\" data-settings=\"{&quot;background_background&quot;:&quot;classic&quot;}\">\n\t\t\t\t<\/div>\n\t\t\t\t<\/div>\n\t\t<div class=\"elementor-element elementor-element-0b3e7f1 e-con-full e-flex elementor-invisible e-con e-child\" data-id=\"0b3e7f1\" data-element_type=\"container\" data-settings=\"{&quot;animation&quot;:&quot;slideInRight&quot;,&quot;animation_delay&quot;:1000}\">\n\t\t<div class=\"elementor-element elementor-element-1642a0b e-con-full e-flex e-con e-child\" data-id=\"1642a0b\" data-element_type=\"container\" id=\"img-tagliatelle\" data-settings=\"{&quot;background_background&quot;:&quot;classic&quot;}\">\n\t\t\t\t<\/div>\n\t\t\t\t<\/div>\n\t\t\t\t\t<\/div>\n\t\t\t\t<\/div>\n\t\t\t\t<section class=\"elementor-section elementor-top-section elementor-element elementor-element-93a691c elementor-section-boxed elementor-section-height-default elementor-section-height-default\" data-id=\"93a691c\" data-element_type=\"section\">\n\t\t\t\t\t\t<div class=\"elementor-container elementor-column-gap-no\">\n\t\t\t\t\t<div class=\"elementor-column elementor-col-100 elementor-top-column elementor-element elementor-element-854888d\" data-id=\"854888d\" data-element_type=\"column\">\n\t\t\t<div class=\"elementor-widget-wrap elementor-element-populated\">\n\t\t\t\t\t\t<section class=\"elementor-section elementor-inner-section elementor-element elementor-element-6bd3bc7 elementor-section-full_width elementor-section-height-default elementor-section-height-default\" data-id=\"6bd3bc7\" data-element_type=\"section\">\n\t\t\t\t\t\t<div class=\"elementor-container elementor-column-gap-no\">\n\t\t\t\t\t<div class=\"elementor-column elementor-col-100 elementor-inner-column elementor-element elementor-element-1c587b1\" data-id=\"1c587b1\" data-element_type=\"column\">\n\t\t\t<div class=\"elementor-widget-wrap elementor-element-populated\">\n\t\t\t\t\t\t<div class=\"elementor-element elementor-element-8df79ff elementor-widget elementor-widget-heading\" data-id=\"8df79ff\" data-element_type=\"widget\" data-widget_type=\"heading.default\">\n\t\t\t\t<div class=\"elementor-widget-container\">\n\t\t\t\t\t<h1 class=\"elementor-heading-title elementor-size-default\">Le restaurant du Borgo di Miglierina est un v\u00e9ritable temple de la cuisine traditionnelle, o\u00f9 chaque plat est pr\u00e9par\u00e9 avec soin et passion.<\/h1>\t\t\t\t<\/div>\n\t\t\t\t<\/div>\n\t\t\t\t<div class=\"elementor-element elementor-element-e97fcef elementor-widget elementor-widget-heading\" data-id=\"e97fcef\" data-element_type=\"widget\" data-widget_type=\"heading.default\">\n\t\t\t\t<div class=\"elementor-widget-container\">\n\t\t\t\t\t<p class=\"elementor-heading-title elementor-size-default\">Le restaurant du Borgo di Miglierina est un v\u00e9ritable temple de la cuisine traditionnelle, o\u00f9 chaque plat est pr\u00e9par\u00e9 avec soin et passion.<\/p>\t\t\t\t<\/div>\n\t\t\t\t<\/div>\n\t\t\t\t<div class=\"elementor-element elementor-element-89ca85d elementor-widget elementor-widget-heading\" data-id=\"89ca85d\" data-element_type=\"widget\" data-widget_type=\"heading.default\">\n\t\t\t\t<div class=\"elementor-widget-container\">\n\t\t\t\t\t<p class=\"elementor-heading-title elementor-size-default\">Les premiers plats, les p\u00e2tes maison, sont l'un des points forts du restaurant. De la c\u00e9l\u00e8bre p\u00e2te aux pois chiches, avec son go\u00fbt \u00e9pic\u00e9 et enveloppant, aux aubergines farcies, riches en sauce \u00e0 la viande et fromages, chaque bouch\u00e9e vous fera d\u00e9couvrir de nouvelles saveurs et ar\u00f4mes qui explorent la riche tradition de cette r\u00e9gion.<\/p>\t\t\t\t<\/div>\n\t\t\t\t<\/div>\n\t\t\t\t\t<\/div>\n\t\t<\/div>\n\t\t\t\t\t<\/div>\n\t\t<\/section>\n\t\t\t\t<section class=\"elementor-section elementor-inner-section elementor-element elementor-element-b0c99dc elementor-section-full_width elementor-section-height-default elementor-section-height-default\" data-id=\"b0c99dc\" data-element_type=\"section\">\n\t\t\t\t\t\t<div class=\"elementor-container elementor-column-gap-no\">\n\t\t\t\t\t<div class=\"elementor-column elementor-col-100 elementor-inner-column elementor-element elementor-element-0fbbb4f\" data-id=\"0fbbb4f\" data-element_type=\"column\">\n\t\t\t<div class=\"elementor-widget-wrap elementor-element-populated\">\n\t\t\t\t\t\t<div class=\"elementor-element elementor-element-94e1dc5 elementor-widget elementor-widget-heading\" data-id=\"94e1dc5\" data-element_type=\"widget\" data-widget_type=\"heading.default\">\n\t\t\t\t<div class=\"elementor-widget-container\">\n\t\t\t\t\t<h2 class=\"elementor-heading-title elementor-size-default\">Si vous aimez la cuisine r\u00e9gionale et souhaitez savourer tout ce que Miglierina a \u00e0 offrir, vous ne pouvez pas manquer une soir\u00e9e dans ce merveilleux restaurant.<\/h2>\t\t\t\t<\/div>\n\t\t\t\t<\/div>\n\t\t\t\t<div class=\"elementor-element elementor-element-be13044 elementor-mobile-align-left elementor-hidden-desktop elementor-hidden-tablet elementor-hidden-mobile elementor-widget elementor-widget-button\" data-id=\"be13044\" data-element_type=\"widget\" data-widget_type=\"button.default\">\n\t\t\t\t<div class=\"elementor-widget-container\">\n\t\t\t\t\t\t\t\t\t<div class=\"elementor-button-wrapper\">\n\t\t\t\t\t<a class=\"elementor-button elementor-button-link elementor-size-sm\" href=\"https:\/\/borgomiglierina.com\/fr\/contact\/\">\n\t\t\t\t\t\t<span class=\"elementor-button-content-wrapper\">\n\t\t\t\t\t\t\t\t\t<span class=\"elementor-button-text\">R\u00c9SERVEZ MAINTENANT<\/span>\n\t\t\t\t\t<\/span>\n\t\t\t\t\t<\/a>\n\t\t\t\t<\/div>\n\t\t\t\t\t\t\t\t<\/div>\n\t\t\t\t<\/div>\n\t\t\t\t\t<\/div>\n\t\t<\/div>\n\t\t\t\t\t<\/div>\n\t\t<\/section>\n\t\t\t\t\t<\/div>\n\t\t<\/div>\n\t\t\t\t\t<\/div>\n\t\t<\/section>\n\t\t\t\t<\/div>","protected":false},"excerpt":{"rendered":"<p>https:\/\/borgomiglierina.com\/wp-content\/uploads\/2024\/01\/video-miglierina-ristorante.webm Un angolo di paradiso culinario che ti trasporter\u00e0 direttamente al cuore della tradizione gastronomica calabrese. Fin dal primo istante in cui varcherai la soglia di questo accogliente locale, sarai avvolto da un&#8217;atmosfera calda e familiare, grazie alla cordiale accoglienza del personale e all&#8217;arredamento minimale ma ricercato. Le specialit\u00e0 calabresi preparate qui sono semplicemente divine. [&hellip;]<\/p>","protected":false},"author":1,"featured_media":0,"parent":0,"menu_order":0,"comment_status":"closed","ping_status":"closed","template":"","meta":{"_uag_custom_page_level_css":"","site-sidebar-layout":"no-sidebar","site-content-layout":"page-builder","ast-site-content-layout":"full-width-container","site-content-style":"unboxed","site-sidebar-style":"unboxed","ast-global-header-display":"","ast-banner-title-visibility":"","ast-main-header-display":"","ast-hfb-above-header-display":"","ast-hfb-below-header-display":"","ast-hfb-mobile-header-display":"","site-post-title":"disabled","ast-breadcrumbs-content":"","ast-featured-img":"disabled","footer-sml-layout":"","theme-transparent-header-meta":"","adv-header-id-meta":"","stick-header-meta":"","header-above-stick-meta":"","header-main-stick-meta":"","header-below-stick-meta":"","astra-migrate-meta-layouts":"set","ast-page-background-enabled":"default","ast-page-background-meta":{"desktop":{"background-color":"var(--ast-global-color-4)","background-image":"","background-repeat":"repeat","background-position":"center center","background-size":"auto","background-attachment":"scroll","background-type":"","background-media":"","overlay-type":"","overlay-color":"","overlay-opacity":"","overlay-gradient":""},"tablet":{"background-color":"","background-image":"","background-repeat":"repeat","background-position":"center center","background-size":"auto","background-attachment":"scroll","background-type":"","background-media":"","overlay-type":"","overlay-color":"","overlay-opacity":"","overlay-gradient":""},"mobile":{"background-color":"","background-image":"","background-repeat":"repeat","background-position":"center center","background-size":"auto","background-attachment":"scroll","background-type":"","background-media":"","overlay-type":"","overlay-color":"","overlay-opacity":"","overlay-gradient":""}},"ast-content-background-meta":{"desktop":{"background-color":"var(--ast-global-color-5)","background-image":"","background-repeat":"repeat","background-position":"center center","background-size":"auto","background-attachment":"scroll","background-type":"","background-media":"","overlay-type":"","overlay-color":"","overlay-opacity":"","overlay-gradient":""},"tablet":{"background-color":"var(--ast-global-color-5)","background-image":"","background-repeat":"repeat","background-position":"center center","background-size":"auto","background-attachment":"scroll","background-type":"","background-media":"","overlay-type":"","overlay-color":"","overlay-opacity":"","overlay-gradient":""},"mobile":{"background-color":"var(--ast-global-color-5)","background-image":"","background-repeat":"repeat","background-position":"center center","background-size":"auto","background-attachment":"scroll","background-type":"","background-media":"","overlay-type":"","overlay-color":"","overlay-opacity":"","overlay-gradient":""}},"footnotes":""},"class_list":["post-1479","page","type-page","status-publish","hentry"],"yoast_head":"<!-- This site is optimized with the Yoast SEO plugin v25.0 - https:\/\/yoast.com\/wordpress\/plugins\/seo\/ -->\n<title>I sapori del Borgo - Ristorante - Borgo Miglierina<\/title>\n<meta name=\"description\" content=\"Il ristorante dove i sapori e le tradizioni calabresi sono esaltati al massimo, rendendo ogni visita un&#039;esperienza unica e indimenticabile.\u200b\" \/>\n<meta name=\"robots\" content=\"index, follow, max-snippet:-1, max-image-preview:large, max-video-preview:-1\" \/>\n<link rel=\"canonical\" href=\"https:\/\/borgomiglierina.com\/fr\/i-sapori-del-borgo\/\" \/>\n<meta property=\"og:locale\" content=\"fr_FR\" \/>\n<meta property=\"og:type\" content=\"article\" \/>\n<meta property=\"og:title\" content=\"I sapori del Borgo - Ristorante - Borgo Miglierina\" \/>\n<meta property=\"og:description\" content=\"Il ristorante dove i sapori e le tradizioni calabresi sono esaltati al massimo, rendendo ogni visita un&#039;esperienza unica e indimenticabile.\u200b\" \/>\n<meta property=\"og:url\" content=\"https:\/\/borgomiglierina.com\/fr\/i-sapori-del-borgo\/\" \/>\n<meta property=\"og:site_name\" content=\"Borgo Miglierina\" \/>\n<meta property=\"article:modified_time\" content=\"2024-02-05T12:23:33+00:00\" \/>\n<meta name=\"twitter:card\" content=\"summary_large_image\" \/>\n<meta name=\"twitter:label1\" content=\"Dur\u00e9e de lecture estim\u00e9e\" \/>\n\t<meta name=\"twitter:data1\" content=\"2 minutes\" \/>\n<script type=\"application\/ld+json\" class=\"yoast-schema-graph\">{\"@context\":\"https:\/\/schema.org\",\"@graph\":[{\"@type\":\"WebPage\",\"@id\":\"https:\/\/borgomiglierina.com\/i-sapori-del-borgo\/\",\"url\":\"https:\/\/borgomiglierina.com\/i-sapori-del-borgo\/\",\"name\":\"I sapori del Borgo - Ristorante - Borgo Miglierina\",\"isPartOf\":{\"@id\":\"https:\/\/borgomiglierina.com\/#website\"},\"datePublished\":\"2023-12-05T15:03:15+00:00\",\"dateModified\":\"2024-02-05T12:23:33+00:00\",\"description\":\"Il ristorante dove i sapori e le tradizioni calabresi sono esaltati al massimo, rendendo ogni visita un'esperienza unica e indimenticabile.\u200b\",\"breadcrumb\":{\"@id\":\"https:\/\/borgomiglierina.com\/i-sapori-del-borgo\/#breadcrumb\"},\"inLanguage\":\"fr-FR\",\"potentialAction\":[{\"@type\":\"ReadAction\",\"target\":[\"https:\/\/borgomiglierina.com\/i-sapori-del-borgo\/\"]}]},{\"@type\":\"BreadcrumbList\",\"@id\":\"https:\/\/borgomiglierina.com\/i-sapori-del-borgo\/#breadcrumb\",\"itemListElement\":[{\"@type\":\"ListItem\",\"position\":1,\"name\":\"Home\",\"item\":\"https:\/\/borgomiglierina.com\/\"},{\"@type\":\"ListItem\",\"position\":2,\"name\":\"I sapori del Borgo\"}]},{\"@type\":\"WebSite\",\"@id\":\"https:\/\/borgomiglierina.com\/#website\",\"url\":\"https:\/\/borgomiglierina.com\/\",\"name\":\"Borgo Miglierina\",\"description\":\"\",\"publisher\":{\"@id\":\"https:\/\/borgomiglierina.com\/#organization\"},\"potentialAction\":[{\"@type\":\"SearchAction\",\"target\":{\"@type\":\"EntryPoint\",\"urlTemplate\":\"https:\/\/borgomiglierina.com\/?s={search_term_string}\"},\"query-input\":{\"@type\":\"PropertyValueSpecification\",\"valueRequired\":true,\"valueName\":\"search_term_string\"}}],\"inLanguage\":\"fr-FR\"},{\"@type\":\"Organization\",\"@id\":\"https:\/\/borgomiglierina.com\/#organization\",\"name\":\"Borgo Miglierina\",\"url\":\"https:\/\/borgomiglierina.com\/\",\"logo\":{\"@type\":\"ImageObject\",\"inLanguage\":\"fr-FR\",\"@id\":\"https:\/\/borgomiglierina.com\/#\/schema\/logo\/image\/\",\"url\":\"https:\/\/borgomiglierina.com\/wp-content\/uploads\/2023\/10\/Logo-desktop.png\",\"contentUrl\":\"https:\/\/borgomiglierina.com\/wp-content\/uploads\/2023\/10\/Logo-desktop.png\",\"width\":1448,\"height\":293,\"caption\":\"Borgo Miglierina\"},\"image\":{\"@id\":\"https:\/\/borgomiglierina.com\/#\/schema\/logo\/image\/\"}}]}<\/script>\n<!-- \/ Yoast SEO plugin. -->","yoast_head_json":{"title":"I sapori del Borgo - Ristorante - Borgo Miglierina","description":"Il ristorante dove i sapori e le tradizioni calabresi sono esaltati al massimo, rendendo ogni visita un'esperienza unica e indimenticabile.\u200b","robots":{"index":"index","follow":"follow","max-snippet":"max-snippet:-1","max-image-preview":"max-image-preview:large","max-video-preview":"max-video-preview:-1"},"canonical":"https:\/\/borgomiglierina.com\/fr\/i-sapori-del-borgo\/","og_locale":"fr_FR","og_type":"article","og_title":"I sapori del Borgo - Ristorante - Borgo Miglierina","og_description":"Il ristorante dove i sapori e le tradizioni calabresi sono esaltati al massimo, rendendo ogni visita un'esperienza unica e indimenticabile.\u200b","og_url":"https:\/\/borgomiglierina.com\/fr\/i-sapori-del-borgo\/","og_site_name":"Borgo Miglierina","article_modified_time":"2024-02-05T12:23:33+00:00","twitter_card":"summary_large_image","twitter_misc":{"Dur\u00e9e de lecture estim\u00e9e":"2 minutes"},"schema":{"@context":"https:\/\/schema.org","@graph":[{"@type":"WebPage","@id":"https:\/\/borgomiglierina.com\/i-sapori-del-borgo\/","url":"https:\/\/borgomiglierina.com\/i-sapori-del-borgo\/","name":"I sapori del Borgo - Ristorante - Borgo Miglierina","isPartOf":{"@id":"https:\/\/borgomiglierina.com\/#website"},"datePublished":"2023-12-05T15:03:15+00:00","dateModified":"2024-02-05T12:23:33+00:00","description":"Il ristorante dove i sapori e le tradizioni calabresi sono esaltati al massimo, rendendo ogni visita un'esperienza unica e indimenticabile.\u200b","breadcrumb":{"@id":"https:\/\/borgomiglierina.com\/i-sapori-del-borgo\/#breadcrumb"},"inLanguage":"fr-FR","potentialAction":[{"@type":"ReadAction","target":["https:\/\/borgomiglierina.com\/i-sapori-del-borgo\/"]}]},{"@type":"BreadcrumbList","@id":"https:\/\/borgomiglierina.com\/i-sapori-del-borgo\/#breadcrumb","itemListElement":[{"@type":"ListItem","position":1,"name":"Home","item":"https:\/\/borgomiglierina.com\/"},{"@type":"ListItem","position":2,"name":"I sapori del Borgo"}]},{"@type":"WebSite","@id":"https:\/\/borgomiglierina.com\/#website","url":"https:\/\/borgomiglierina.com\/","name":"Borgo Miglierina","description":"","publisher":{"@id":"https:\/\/borgomiglierina.com\/#organization"},"potentialAction":[{"@type":"SearchAction","target":{"@type":"EntryPoint","urlTemplate":"https:\/\/borgomiglierina.com\/?s={search_term_string}"},"query-input":{"@type":"PropertyValueSpecification","valueRequired":true,"valueName":"search_term_string"}}],"inLanguage":"fr-FR"},{"@type":"Organization","@id":"https:\/\/borgomiglierina.com\/#organization","name":"Borgo Miglierina","url":"https:\/\/borgomiglierina.com\/","logo":{"@type":"ImageObject","inLanguage":"fr-FR","@id":"https:\/\/borgomiglierina.com\/#\/schema\/logo\/image\/","url":"https:\/\/borgomiglierina.com\/wp-content\/uploads\/2023\/10\/Logo-desktop.png","contentUrl":"https:\/\/borgomiglierina.com\/wp-content\/uploads\/2023\/10\/Logo-desktop.png","width":1448,"height":293,"caption":"Borgo Miglierina"},"image":{"@id":"https:\/\/borgomiglierina.com\/#\/schema\/logo\/image\/"}}]}},"uagb_featured_image_src":{"full":false,"thumbnail":false,"medium":false,"medium_large":false,"large":false,"1536x1536":false,"2048x2048":false,"trp-custom-language-flag":false},"uagb_author_info":{"display_name":"rogerrosi98@gmail.com","author_link":"https:\/\/borgomiglierina.com\/fr\/author\/rogerrosi98gmail-com\/"},"uagb_comment_info":0,"uagb_excerpt":"https:\/\/borgomiglierina.com\/wp-content\/uploads\/2024\/01\/video-miglierina-ristorante.webm Un angolo di paradiso culinario che ti trasporter\u00e0 direttamente al cuore della tradizione gastronomica calabrese. Fin dal primo istante in cui varcherai la soglia di questo accogliente locale, sarai avvolto da un&#8217;atmosfera calda e familiare, grazie alla cordiale accoglienza del personale e all&#8217;arredamento minimale ma ricercato. Le specialit\u00e0 calabresi preparate qui sono semplicemente divine.\u2026","_links":{"self":[{"href":"https:\/\/borgomiglierina.com\/fr\/wp-json\/wp\/v2\/pages\/1479","targetHints":{"allow":["GET"]}}],"collection":[{"href":"https:\/\/borgomiglierina.com\/fr\/wp-json\/wp\/v2\/pages"}],"about":[{"href":"https:\/\/borgomiglierina.com\/fr\/wp-json\/wp\/v2\/types\/page"}],"author":[{"embeddable":true,"href":"https:\/\/borgomiglierina.com\/fr\/wp-json\/wp\/v2\/users\/1"}],"replies":[{"embeddable":true,"href":"https:\/\/borgomiglierina.com\/fr\/wp-json\/wp\/v2\/comments?post=1479"}],"version-history":[{"count":113,"href":"https:\/\/borgomiglierina.com\/fr\/wp-json\/wp\/v2\/pages\/1479\/revisions"}],"predecessor-version":[{"id":3177,"href":"https:\/\/borgomiglierina.com\/fr\/wp-json\/wp\/v2\/pages\/1479\/revisions\/3177"}],"wp:attachment":[{"href":"https:\/\/borgomiglierina.com\/fr\/wp-json\/wp\/v2\/media?parent=1479"}],"curies":[{"name":"wp","href":"https:\/\/api.w.org\/{rel}","templated":true}]}}